{"id":3284,"date":"2023-10-30T06:21:15","date_gmt":"2023-10-30T06:21:15","guid":{"rendered":"https:\/\/prague.foxthemes.me\/elementor\/?page_id=3284"},"modified":"2026-01-15T11:00:44","modified_gmt":"2026-01-15T08:00:44","slug":"anasayfa","status":"publish","type":"page","link":"https:\/\/aktinsaatmimarlik.com\/","title":{"rendered":"Before &amp; After"},"content":{"rendered":"\t\t<div data-elementor-type=\"wp-page\" data-elementor-id=\"3284\" class=\"elementor elementor-3284\">\n\t\t\t\t<div class=\"elementor-element elementor-element-b18d8af e-con-full e-flex e-con e-parent\" data-id=\"b18d8af\" data-element_type=\"container\">\n\t\t\t\t<div class=\"elementor-element elementor-element-d38bc48 elementor-widget elementor-widget-before-after-widget\" data-id=\"d38bc48\" data-element_type=\"widget\" data-widget_type=\"before-after-widget.default\">\n\t\t\t\t<div class=\"elementor-widget-container\">\n\t\t\t\t\t                            <div class=\"project-detail-before \">\n                    <div class=\"projects-detail-before-banner original\">\n                        <div class=\"ba-slider\">\n                            <img decoding=\"async\" src=\"https:\/\/aktinsaatmimarlik.com\/wp-content\/uploads\/2026\/01\/before.png\" class=\"\" alt=\"\" \/>\n                                                            <div class=\"resize\">\n\t\t\t\t\t\t\t\t\t<img decoding=\"async\" src=\"https:\/\/aktinsaatmimarlik.com\/wp-content\/uploads\/2026\/01\/after.png\" class=\"\" alt=\"\" \/>                                <\/div>\n                                                        <span class=\"handle\"><\/span>\n                            <a href=\"#\" class=\"button prev\">\u00d6NCE<\/a>\n                            <a href=\"#\" class=\"button next\">SONRA<\/a>\n                        <\/div>\n                    <\/div>\n                <\/div>\n            \n            \t\t\t\t<\/div>\n\t\t\t\t<\/div>\n\t\t\t\t<\/div>\n\t\t<div class=\"elementor-element elementor-element-f3f1d9f e-flex e-con-boxed e-con e-parent\" data-id=\"f3f1d9f\" data-element_type=\"container\">\n\t\t\t\t\t<div class=\"e-con-inner\">\n\t\t<div class=\"elementor-element elementor-element-408d6dc e-con-full e-flex e-con e-child\" data-id=\"408d6dc\" data-element_type=\"container\">\n\t\t\t\t<div class=\"elementor-element elementor-element-90c1569 elementor-widget__width-initial elementor-widget elementor-widget-headings-widget\" data-id=\"90c1569\" data-element_type=\"widget\" data-widget_type=\"headings-widget.default\">\n\t\t\t\t<div class=\"elementor-widget-container\">\n\t\t\t\t\t            <div class=\"heading  left dark \">\n\t\t\t\t\n\t\t\t\t                    <div class=\"subtitle \">AKT \u0130nsaat &amp; Mimarl\u0131k<\/div>\n                                                    <h2 class=\"title s\">Biz Kimiz ?<\/h2>\n                \t\t\t\t                <div class=\"content \">\n                    <p><p>Pimsan Group, 1970 y\u0131l\u0131ndan bu yana T\u00fcrkiye\u2019nin yap\u0131, \u00fcretim ve hizmet sekt\u00f6rlerinde g\u00fcven, kalite ve s\u00fcreklilik ilkeleriyle faaliyet g\u00f6steren k\u00f6kl\u00fc bir aile \u015firketidir. Yar\u0131m asr\u0131 a\u015fan tecr\u00fcbemizle; s\u00fcrd\u00fcr\u00fclebilir projeler \u00fcreten, b\u00f6lgesine de\u011fer katan ve ulusal \u00f6l\u00e7ekte istikrarl\u0131 b\u00fcy\u00fcmesini s\u00fcrd\u00fcren bir grup yap\u0131s\u0131 olarak yolumuza devam ediyoruz.<\/p><p>\u00a0 Grubumuzun ana \u00e7at\u0131s\u0131 alt\u0131nda faaliyet g\u00f6steren Akt \u0130n\u015faat Mimarl\u0131k, Pimsan Group\u2019un m\u00fchendislik, mimarl\u0131k ve yap\u0131 \u00fcretimi alan\u0131ndaki uzmanl\u0131\u011f\u0131n\u0131 modern s\u00fcrd\u00fcr\u00fclebilir tekniklerle birle\u015ftirerek, uluslararas\u0131 sekt\u00f6rde g\u00fc\u00e7l\u00fc bir marka haline gelmi\u015ftir. Ge\u00e7mi\u015fi ve deneyimi Pimsan Group\u2019un birikimine dayanan Akt \u0130n\u015faat Mimarl\u0131k; konut, ticari yap\u0131lar, yenileme projeleri ve \u00f6zel tasar\u0131m uygulamalar\u0131nda kaliteyi, esteti\u011fi ve g\u00fcvenli\u011fi \u00f6n planda tutar.\u00a0<\/p><p>\u00a0 Bug\u00fcn Pimsan Grup \u00e7at\u0131s\u0131 alt\u0131nda AKT \u0130n\u015faat Mimarl\u0131k olarak; her projemizde d\u00fcr\u00fcst \u00e7al\u0131\u015fma anlay\u0131\u015f\u0131m\u0131z\u0131, teknik uluslararas\u0131 bilgi birikimimizi ve y\u0131llar\u0131n verdi\u011fi g\u00fcveni gelece\u011fe ta\u015f\u0131yoruz. \u00dcretimde kaliteyi standart de\u011fil, bir al\u0131\u015fkanl\u0131k olarak g\u00f6r\u00fcyor; sekt\u00f6rde \u00f6nc\u00fc, yenilik\u00e7i, s\u00fcrd\u00fcr\u00fclebilir ad\u0131mlar atmaya devam ediyoruz.<\/p><p>\u00a0Ge\u00e7mi\u015fimiz sa\u011flam, bug\u00fcn\u00fcm\u00fcz g\u00fc\u00e7l\u00fc, yar\u0131n\u0131m\u0131z vizyon dolu. Pimsan Group \u00e7at\u0131s\u0131 alt\u0131nda; insana, \u015fehre ve gelece\u011fe de\u011fer katmak i\u00e7in \u00e7al\u0131\u015f\u0131yoruz.<\/p><\/p><\/div>\n\t\t\t\t\n            <\/div>\n\t\t\t\t\t\t\t<\/div>\n\t\t\t\t<\/div>\n\t\t\t\t<\/div>\n\t\t<div class=\"elementor-element elementor-element-40d09de e-con-full e-flex e-con e-child\" data-id=\"40d09de\" data-element_type=\"container\">\n\t\t\t\t<div class=\"elementor-element elementor-element-f070411 elementor-widget__width-initial elementor-widget elementor-widget-image\" data-id=\"f070411\" data-element_type=\"widget\" data-widget_type=\"image.default\">\n\t\t\t\t\t\t\t\t\t\t\t\t\t\t\t<img fetchpriority=\"high\" decoding=\"async\" width=\"723\" height=\"1024\" src=\"https:\/\/aktinsaatmimarlik.com\/wp-content\/uploads\/2025\/09\/WhatsApp-Image-2022-06-28-at-1.43.24-PM-723x1024.jpeg\" class=\"attachment-large size-large wp-image-5293\" alt=\"\" srcset=\"https:\/\/aktinsaatmimarlik.com\/wp-content\/uploads\/2025\/09\/WhatsApp-Image-2022-06-28-at-1.43.24-PM-723x1024.jpeg 723w, https:\/\/aktinsaatmimarlik.com\/wp-content\/uploads\/2025\/09\/WhatsApp-Image-2022-06-28-at-1.43.24-PM-212x300.jpeg 212w, https:\/\/aktinsaatmimarlik.com\/wp-content\/uploads\/2025\/09\/WhatsApp-Image-2022-06-28-at-1.43.24-PM-768x1088.jpeg 768w, https:\/\/aktinsaatmimarlik.com\/wp-content\/uploads\/2025\/09\/WhatsApp-Image-2022-06-28-at-1.43.24-PM-1084x1536.jpeg 1084w, https:\/\/aktinsaatmimarlik.com\/wp-content\/uploads\/2025\/09\/WhatsApp-Image-2022-06-28-at-1.43.24-PM-500x709.jpeg 500w, https:\/\/aktinsaatmimarlik.com\/wp-content\/uploads\/2025\/09\/WhatsApp-Image-2022-06-28-at-1.43.24-PM-600x850.jpeg 600w, https:\/\/aktinsaatmimarlik.com\/wp-content\/uploads\/2025\/09\/WhatsApp-Image-2022-06-28-at-1.43.24-PM.jpeg 1129w\" sizes=\"(max-width: 723px) 100vw, 723px\" \/>\t\t\t\t\t\t\t\t\t\t\t\t\t\t\t<\/div>\n\t\t\t\t<\/div>\n\t\t\t\t\t<\/div>\n\t\t\t\t<\/div>\n\t\t<div class=\"elementor-element elementor-element-9a5424a e-flex e-con-boxed e-con e-parent\" data-id=\"9a5424a\" data-element_type=\"container\">\n\t\t\t\t\t<div class=\"e-con-inner\">\n\t\t\t\t<div class=\"elementor-element elementor-element-0129238 elementor-widget-divider--view-line elementor-widget elementor-widget-divider\" data-id=\"0129238\" data-element_type=\"widget\" data-widget_type=\"divider.default\">\n\t\t\t\t\t\t\t<div class=\"elementor-divider\">\n\t\t\t<span class=\"elementor-divider-separator\">\n\t\t\t\t\t\t<\/span>\n\t\t<\/div>\n\t\t\t\t\t\t<\/div>\n\t\t\t\t\t<\/div>\n\t\t\t\t<\/div>\n\t\t<div class=\"elementor-element elementor-element-14571f8 e-flex e-con-boxed e-con e-parent\" data-id=\"14571f8\" data-element_type=\"container\">\n\t\t\t\t\t<div class=\"e-con-inner\">\n\t\t\t\t<div class=\"elementor-element elementor-element-30ca71b elementor-widget elementor-widget-heading\" data-id=\"30ca71b\" data-element_type=\"widget\" data-widget_type=\"heading.default\">\n\t\t\t\t\t<h2 class=\"elementor-heading-title elementor-size-default\">PROJELER\u0130M\u0130ZDEN B\u0130R\u0130N\u0130 3D \u015eEK\u0130LDE DENEY\u0130MLEY\u0130N<\/h2>\t\t\t\t<\/div>\n\t\t\t\t<div class=\"elementor-element elementor-element-9f44832 elementor-widget elementor-widget-iframe-autodesk\" data-id=\"9f44832\" data-element_type=\"widget\" data-widget_type=\"iframe-autodesk.default\">\n\t\t\t\t<div class=\"elementor-widget-container\">\n\t\t\t\t\t\t\t\t<div class=\"project-detail-slider-outer\">\n\t\t\t\t<div class=\"project-details-slider-3d \">\n\t\t\t\t\t<iframe src=\"https:\/\/myhub.autodesk360.com\/ue283d8b2\/shares\/public\/SH7f1edQT22b515c761ef57601e086f95852?mode=embed\" width=\"300\" height=\"150\" frameborder=\"0\" allowfullscreen=\"allowfullscreen\"><\/iframe>\t\t\t\t<\/div>\n\t\t\t<\/div>\n\t\t\t\t\t\t<\/div>\n\t\t\t\t<\/div>\n\t\t\t\t\t<\/div>\n\t\t\t\t<\/div>\n\t\t<div class=\"elementor-element elementor-element-72aef86 e-flex e-con-boxed e-con e-parent\" data-id=\"72aef86\" data-element_type=\"container\">\n\t\t\t\t\t<div class=\"e-con-inner\">\n\t\t\t\t<div class=\"elementor-element elementor-element-a5a07f6 elementor-widget elementor-widget-info-block\" data-id=\"a5a07f6\" data-element_type=\"widget\" data-widget_type=\"info-block.default\">\n\t\t\t\t<div class=\"elementor-widget-container\">\n\t\t\t\t\t\t\t\t\t<div class=\"project-detail-block-outer \">\n\t\t\t\t\t\t\t<div class=\"project-detail-block-wrapper\">\n\t\t\t\t\t<div class=\"project-detail-block-item\">\n\t\t\t\t\t\t\t\t\t\t\t\t\t<div class=\"project-detail-block-title\">\n\t\t\t\t\t\t\t\tY\u0131l\u0131\t\t\t\t\t\t\t<\/div>\n\t\t\t\t\t\t\t\t\t\t\t\t\t\t\t\t\t\t\t<div class=\"project-detail-block-descr\">\n\t\t\t\t\t\t\t\t<p><p>2019<\/p>\n<\/p>\n\t\t\t\t\t\t\t<\/div>\n\t\t\t\t\t\t\t\t\t\t\t<\/div>\n\t\t\t\t<\/div>\n\t\t\t\t\t\t\t\t\t\t\t<div class=\"project-detail-block-wrapper\">\n\t\t\t\t\t<div class=\"project-detail-block-item\">\n\t\t\t\t\t\t\t\t\t\t\t\t\t<div class=\"project-detail-block-title\">\n\t\t\t\t\t\t\t\tKonumu\t\t\t\t\t\t\t<\/div>\n\t\t\t\t\t\t\t\t\t\t\t\t\t\t\t\t\t\t\t<div class=\"project-detail-block-descr\">\n\t\t\t\t\t\t\t\t<p><p>\u015eehitkamil , Gaziantep<\/p>\n<\/p>\n\t\t\t\t\t\t\t<\/div>\n\t\t\t\t\t\t\t\t\t\t\t<\/div>\n\t\t\t\t<\/div>\n\t\t\t\t\t\t\t\t\t\t\t<div class=\"project-detail-block-wrapper\">\n\t\t\t\t\t<div class=\"project-detail-block-item\">\n\t\t\t\t\t\t\t\t\t\t\t\t\t<div class=\"project-detail-block-title\">\n\t\t\t\t\t\t\t\tProje \u00c7izimi\t\t\t\t\t\t\t<\/div>\n\t\t\t\t\t\t\t\t\t\t\t\t\t\t\t\t\t\t\t<div class=\"project-detail-block-descr\">\n\t\t\t\t\t\t\t\t<p><p>AKT \u0130nsaat & Mimarl\u0131k<\/p>\n<\/p>\n\t\t\t\t\t\t\t<\/div>\n\t\t\t\t\t\t\t\t\t\t\t<\/div>\n\t\t\t\t<\/div>\n\t\t\t\t\t\t\t\t\t\t\t<div class=\"project-detail-block-wrapper\">\n\t\t\t\t\t<div class=\"project-detail-block-item\">\n\t\t\t\t\t\t\t\t\t\t\t\t\t<div class=\"project-detail-block-title\">\n\t\t\t\t\t\t\t\tModelleme\t\t\t\t\t\t\t<\/div>\n\t\t\t\t\t\t\t\t\t\t\t\t\t\t\t\t\t\t\t<div class=\"project-detail-block-descr\">\n\t\t\t\t\t\t\t\t<p><p>AKT \u0130n\u015faat & Mimarl\u0131k<\/p>\n<\/p>\n\t\t\t\t\t\t\t<\/div>\n\t\t\t\t\t\t\t\t\t\t\t<\/div>\n\t\t\t\t<\/div>\n\t\t\t\t\t\t\t\t\t\t<\/div>\n\t\t\t\t\t\t<\/div>\n\t\t\t\t<\/div>\n\t\t\t\t\t<\/div>\n\t\t\t\t<\/div>\n\t\t\t\t<\/div>\n\t\t","protected":false},"excerpt":{"rendered":"<p>PROJELER\u0130M\u0130ZDEN B\u0130R\u0130N\u0130 3D \u015eEK\u0130LDE DENEY\u0130MLEY\u0130N<\/p>\n","protected":false},"author":1,"featured_media":0,"parent":0,"menu_order":0,"comment_status":"closed","ping_status":"closed","template":"elementor_header_footer","meta":{"footnotes":""},"class_list":["post-3284","page","type-page","status-publish","hentry"],"featured_image_src":"","featured_image_src_square":"","_links":{"self":[{"href":"https:\/\/aktinsaatmimarlik.com\/index.php\/wp-json\/wp\/v2\/pages\/3284","targetHints":{"allow":["GET"]}}],"collection":[{"href":"https:\/\/aktinsaatmimarlik.com\/index.php\/wp-json\/wp\/v2\/pages"}],"about":[{"href":"https:\/\/aktinsaatmimarlik.com\/index.php\/wp-json\/wp\/v2\/types\/page"}],"author":[{"embeddable":true,"href":"https:\/\/aktinsaatmimarlik.com\/index.php\/wp-json\/wp\/v2\/users\/1"}],"replies":[{"embeddable":true,"href":"https:\/\/aktinsaatmimarlik.com\/index.php\/wp-json\/wp\/v2\/comments?post=3284"}],"version-history":[{"count":50,"href":"https:\/\/aktinsaatmimarlik.com\/index.php\/wp-json\/wp\/v2\/pages\/3284\/revisions"}],"predecessor-version":[{"id":5680,"href":"https:\/\/aktinsaatmimarlik.com\/index.php\/wp-json\/wp\/v2\/pages\/3284\/revisions\/5680"}],"wp:attachment":[{"href":"https:\/\/aktinsaatmimarlik.com\/index.php\/wp-json\/wp\/v2\/media?parent=3284"}],"curies":[{"name":"wp","href":"https:\/\/api.w.org\/{rel}","templated":true}]}}