{"id":3612,"date":"2023-10-30T10:12:00","date_gmt":"2023-10-30T10:12:00","guid":{"rendered":"https:\/\/prague.foxthemes.me\/elementor\/?page_id=3612"},"modified":"2026-01-21T11:42:05","modified_gmt":"2026-01-21T08:42:05","slug":"contact-us","status":"publish","type":"page","link":"https:\/\/aktinsaatmimarlik.com\/index.php\/contact-us\/","title":{"rendered":"\u0130leti\u015fim"},"content":{"rendered":"\t\t<div data-elementor-type=\"wp-page\" data-elementor-id=\"3612\" class=\"elementor elementor-3612\">\n\t\t\t\t<div class=\"elementor-element elementor-element-d12eb49 e-con-full e-flex e-con e-parent\" data-id=\"d12eb49\" data-element_type=\"container\">\n\t\t\t\t<div class=\"elementor-element elementor-element-1eec162 elementor-widget elementor-widget-banner-title\" data-id=\"1eec162\" data-element_type=\"widget\" data-widget_type=\"banner-title.default\">\n\t\t\t\t<div class=\"elementor-widget-container\">\n\t\t\t\t\t\t\t<section class=\"container-fluid top-banner no-padd  big fullheight light\">\t\t\t\t<span class=\"overlay\"><\/span>\n\t\t\t<img decoding=\"async\" src=\"https:\/\/aktinsaatmimarlik.com\/wp-content\/uploads\/2025\/09\/WhatsApp-Image-2022-06-28-at-1.20.58-PM-1.jpeg\" class=\"s-img-switch\" alt=\"\" \/>\t\t\t<div class=\"content\">\n\t\t\t\t<div class=\"prague-svg-animation-text\">\n\t\t\t\t\t\t\t\t\t<\/div>\n\t\t\t\t<div class=\"subtitle\">\u0130LET\u0130\u015e\u0130M<\/div>\t\t\t\t<h1 class=\"title\">Hayallerinizi \u0130n\u015fa Edelim<\/h1>\t\t\t\t\t\t\t\t\t\t\t<\/div>\n\t\t\t<div class=\"top-banner-cursor\"><\/div>\n\t\t<\/section>\n\t\t\t\t\t\t<\/div>\n\t\t\t\t<\/div>\n\t\t\t\t<\/div>\n\t\t<div class=\"elementor-element elementor-element-1350c78 e-con-full e-flex e-con e-parent\" data-id=\"1350c78\" data-element_type=\"container\">\n\t\t<div class=\"elementor-element elementor-element-b87d8d5 e-con-full e-flex e-con e-child\" data-id=\"b87d8d5\" data-element_type=\"container\">\n\t\t\t\t<div class=\"elementor-element elementor-element-2b47c5b elementor-widget elementor-widget-headings-widget\" data-id=\"2b47c5b\" data-element_type=\"widget\" data-widget_type=\"headings-widget.default\">\n\t\t\t\t<div class=\"elementor-widget-container\">\n\t\t\t\t\t            <div class=\"heading  left dark \">\n\t\t\t\t\n\t\t\t\t                    <div class=\"subtitle \">AKT \u0130n\u015faat &amp; Mimarl\u0131k<\/div>\n                                                    <h2 class=\"title s\">Birlikte \u00c7al\u0131\u015fal\u0131m<\/h2>\n                \t\t\t\t                <div class=\"content \">\n                    <p><p data-start=\"438\" data-end=\"605\">Tecr\u00fcbemiz ve uzman kadromuzla projelerinizi g\u00fcvenle hayata ge\u00e7iriyoruz. Kaliteli, estetik ve s\u00fcrd\u00fcr\u00fclebilir \u00e7\u00f6z\u00fcmler i\u00e7in her ad\u0131mda yan\u0131n\u0131zday\u0131z. Sizi de AKT \u0130n\u015faat &amp; Mimarl\u0131k ailesine davet ediyor, birlikte de\u011fer \u00fcretmeye davet ediyoruz<\/p><\/p><\/div>\n\t\t\t\t\n            <\/div>\n\t\t\t\t\t\t\t<\/div>\n\t\t\t\t<\/div>\n\t\t<div class=\"elementor-element elementor-element-f1efa80 e-con-full e-flex e-con e-child\" data-id=\"f1efa80\" data-element_type=\"container\">\n\t\t<div class=\"elementor-element elementor-element-3ed4783 e-con-full e-flex e-con e-child\" data-id=\"3ed4783\" data-element_type=\"container\">\n\t\t\t\t<div class=\"elementor-element elementor-element-2abbbce elementor-widget elementor-widget-address-widget\" data-id=\"2abbbce\" data-element_type=\"widget\" data-widget_type=\"address-widget.default\">\n\t\t\t\t<div class=\"elementor-widget-container\">\n\t\t\t\t\t\t\t <div class=\"adddress-block  \">\n          \n          <div class=\"address-block-outer\">\n                        <span class=\"separator\"><\/span>\n                        \n                        <h4 class=\"address-title\">Adres<\/h4>\n            \n            \n            <p>2.OSB Celal Do\u011fan Bulvar\u0131, No: 23, Pimsan Plaza, 27600, \u015eehitk\u00e2mil \/ Gaziantep \/ T\u00fcrkiye<\/p>\n          <\/div>\n      <\/div>\n      \t\t\t\t<\/div>\n\t\t\t\t<\/div>\n\t\t\t\t<\/div>\n\t\t<div class=\"elementor-element elementor-element-6b4b13e e-con-full e-flex e-con e-child\" data-id=\"6b4b13e\" data-element_type=\"container\">\n\t\t\t\t<div class=\"elementor-element elementor-element-6da93c9 elementor-widget elementor-widget-address-widget\" data-id=\"6da93c9\" data-element_type=\"widget\" data-widget_type=\"address-widget.default\">\n\t\t\t\t<div class=\"elementor-widget-container\">\n\t\t\t\t\t\t\t <div class=\"adddress-block  \">\n          \n          <div class=\"address-block-outer\">\n                        <span class=\"separator\"><\/span>\n                        \n                        <h4 class=\"address-title\">Telefon<\/h4>\n            \n            \n            <p>+90 532 601 26 45<\/p>\n          <\/div>\n      <\/div>\n      \t\t\t\t<\/div>\n\t\t\t\t<\/div>\n\t\t\t\t<\/div>\n\t\t<div class=\"elementor-element elementor-element-0c30340 e-con-full e-flex e-con e-child\" data-id=\"0c30340\" data-element_type=\"container\">\n\t\t\t\t<div class=\"elementor-element elementor-element-d1726a7 elementor-widget elementor-widget-address-widget\" data-id=\"d1726a7\" data-element_type=\"widget\" data-widget_type=\"address-widget.default\">\n\t\t\t\t<div class=\"elementor-widget-container\">\n\t\t\t\t\t\t\t <div class=\"adddress-block  \">\n          \n          <div class=\"address-block-outer\">\n                        <span class=\"separator\"><\/span>\n                        \n                        <h4 class=\"address-title\">Mail<\/h4>\n            \n            \n            <p>info@aktinsaatmimarlik.com<\/p>\n          <\/div>\n      <\/div>\n      \t\t\t\t<\/div>\n\t\t\t\t<\/div>\n\t\t\t\t<\/div>\n\t\t\t\t<\/div>\n\t\t\t\t<\/div>\n\t\t\t\t<div class=\"elementor-element elementor-element-52f6555 elementor-widget__width-initial elementor-widget-mobile__width-initial elementor-widget elementor-widget-google_maps\" data-id=\"52f6555\" data-element_type=\"widget\" data-widget_type=\"google_maps.default\">\n\t\t\t\t\t\t\t<div class=\"elementor-custom-embed\">\n\t\t\t<iframe loading=\"lazy\"\n\t\t\t\t\tsrc=\"https:\/\/maps.google.com\/maps?q=2.OSB%20Celal%20Do%C4%9Fan%20Bulvar%C4%B1%2C%20No%3A%2023%2C%20Pimsan%20Plaza%2C%2027600%2C%20%C5%9Eehitk%C3%A2mil%20%2F%20Gaziantep%20%2F%20T%C3%BCrkiye&#038;t=m&#038;z=13&#038;output=embed&#038;iwloc=near\"\n\t\t\t\t\ttitle=\"2.OSB Celal Do\u011fan Bulvar\u0131, No: 23, Pimsan Plaza, 27600, \u015eehitk\u00e2mil \/ Gaziantep \/ T\u00fcrkiye\"\n\t\t\t\t\taria-label=\"2.OSB Celal Do\u011fan Bulvar\u0131, No: 23, Pimsan Plaza, 27600, \u015eehitk\u00e2mil \/ Gaziantep \/ T\u00fcrkiye\"\n\t\t\t><\/iframe>\n\t\t<\/div>\n\t\t\t\t\t\t<\/div>\n\t\t\t\t<\/div>\n\t\t\t\t<\/div>\n\t\t","protected":false},"excerpt":{"rendered":"","protected":false},"author":1,"featured_media":0,"parent":0,"menu_order":0,"comment_status":"closed","ping_status":"closed","template":"elementor_header_footer","meta":{"footnotes":""},"class_list":["post-3612","page","type-page","status-publish","hentry"],"featured_image_src":"","featured_image_src_square":"","_links":{"self":[{"href":"https:\/\/aktinsaatmimarlik.com\/index.php\/wp-json\/wp\/v2\/pages\/3612","targetHints":{"allow":["GET"]}}],"collection":[{"href":"https:\/\/aktinsaatmimarlik.com\/index.php\/wp-json\/wp\/v2\/pages"}],"about":[{"href":"https:\/\/aktinsaatmimarlik.com\/index.php\/wp-json\/wp\/v2\/types\/page"}],"author":[{"embeddable":true,"href":"https:\/\/aktinsaatmimarlik.com\/index.php\/wp-json\/wp\/v2\/users\/1"}],"replies":[{"embeddable":true,"href":"https:\/\/aktinsaatmimarlik.com\/index.php\/wp-json\/wp\/v2\/comments?post=3612"}],"version-history":[{"count":31,"href":"https:\/\/aktinsaatmimarlik.com\/index.php\/wp-json\/wp\/v2\/pages\/3612\/revisions"}],"predecessor-version":[{"id":5751,"href":"https:\/\/aktinsaatmimarlik.com\/index.php\/wp-json\/wp\/v2\/pages\/3612\/revisions\/5751"}],"wp:attachment":[{"href":"https:\/\/aktinsaatmimarlik.com\/index.php\/wp-json\/wp\/v2\/media?parent=3612"}],"curies":[{"name":"wp","href":"https:\/\/api.w.org\/{rel}","templated":true}]}}